{"id":33,"date":"2019-08-23T15:59:55","date_gmt":"2019-08-23T13:59:55","guid":{"rendered":"http:\/\/www.trucsf.fr\/?page_id=33"},"modified":"2019-08-27T17:37:15","modified_gmt":"2019-08-27T15:37:15","slug":"contact","status":"publish","type":"page","link":"https:\/\/trucsf.fr\/index.php\/contact\/","title":{"rendered":"Contact"},"content":{"rendered":"<figure id=\"attachment_37\" aria-describedby=\"caption-attachment-37\" style=\"width: 1920px\" class=\"wp-caption alignnone\"><img data-attachment-id=\"37\" data-permalink=\"https:\/\/trucsf.fr\/index.php\/contact\/beautiful-blonde-with-silver-latex-jumpsuit-with-digital-tablet\/\" data-orig-file=\"https:\/\/i0.wp.com\/trucsf.fr\/wp-content\/uploads\/2019\/08\/beautiful-blonde-with-silver-latex-jumpsuit-with-digital-tablet.jpg?fit=1920%2C1280&amp;ssl=1\" data-orig-size=\"1920,1280\" data-comments-opened=\"1\" data-image-meta=\"{&quot;aperture&quot;:&quot;11&quot;,&quot;credit&quot;:&quot;Fernando Cort\\u00e9s - Fotolia&quot;,&quot;camera&quot;:&quot;Canon EOS 7D&quot;,&quot;caption&quot;:&quot;beautiful blonde with silver latex jumpsuit with digital tablet&quot;,&quot;created_timestamp&quot;:&quot;1367680940&quot;,&quot;copyright&quot;:&quot;Fernando Cort\\u00e9s de Pablo&quot;,&quot;focal_length&quot;:&quot;17&quot;,&quot;iso&quot;:&quot;200&quot;,&quot;shutter_speed&quot;:&quot;0.01&quot;,&quot;title&quot;:&quot;beautiful blonde with silver latex jumpsuit with digital tablet&quot;,&quot;orientation&quot;:&quot;1&quot;}\" data-image-title=\"beautiful blonde with silver latex jumpsuit with digital tablet\" data-image-description=\"&lt;p&gt;\u00a9 Fernando Cort\u00e9s \u2013 Fotolia.com&lt;\/p&gt;\n\" data-image-caption=\"&lt;p&gt;beautiful blonde with silver latex jumpsuit with digital tablet&lt;\/p&gt;\n\" data-medium-file=\"https:\/\/i0.wp.com\/trucsf.fr\/wp-content\/uploads\/2019\/08\/beautiful-blonde-with-silver-latex-jumpsuit-with-digital-tablet.jpg?fit=300%2C200&amp;ssl=1\" data-large-file=\"https:\/\/i0.wp.com\/trucsf.fr\/wp-content\/uploads\/2019\/08\/beautiful-blonde-with-silver-latex-jumpsuit-with-digital-tablet.jpg?fit=1024%2C683&amp;ssl=1\" loading=\"lazy\" class=\"size-full wp-image-37\" src=\"https:\/\/i0.wp.com\/trucsf.fr\/wp-content\/uploads\/2019\/08\/beautiful-blonde-with-silver-latex-jumpsuit-with-digital-tablet.jpg?resize=1600%2C1067&#038;ssl=1\" alt=\"tablette digital\" width=\"1600\" height=\"1067\" srcset=\"https:\/\/i0.wp.com\/trucsf.fr\/wp-content\/uploads\/2019\/08\/beautiful-blonde-with-silver-latex-jumpsuit-with-digital-tablet.jpg?w=1920&amp;ssl=1 1920w, https:\/\/i0.wp.com\/trucsf.fr\/wp-content\/uploads\/2019\/08\/beautiful-blonde-with-silver-latex-jumpsuit-with-digital-tablet.jpg?resize=300%2C200&amp;ssl=1 300w, https:\/\/i0.wp.com\/trucsf.fr\/wp-content\/uploads\/2019\/08\/beautiful-blonde-with-silver-latex-jumpsuit-with-digital-tablet.jpg?resize=768%2C512&amp;ssl=1 768w, https:\/\/i0.wp.com\/trucsf.fr\/wp-content\/uploads\/2019\/08\/beautiful-blonde-with-silver-latex-jumpsuit-with-digital-tablet.jpg?resize=1024%2C683&amp;ssl=1 1024w, https:\/\/i0.wp.com\/trucsf.fr\/wp-content\/uploads\/2019\/08\/beautiful-blonde-with-silver-latex-jumpsuit-with-digital-tablet.jpg?resize=465%2C310&amp;ssl=1 465w, https:\/\/i0.wp.com\/trucsf.fr\/wp-content\/uploads\/2019\/08\/beautiful-blonde-with-silver-latex-jumpsuit-with-digital-tablet.jpg?resize=695%2C463&amp;ssl=1 695w\" sizes=\"(max-width: 1600px) 100vw, 1600px\" data-recalc-dims=\"1\" \/><figcaption id=\"caption-attachment-37\" class=\"wp-caption-text\"><span style=\"font-size: 10pt;\"><em>beautiful blonde with silver latex jumpsuit with digital tablet<\/em> \u00a9 Fernando Cort\u00e9s \u2013 Fotolia.com<\/span><\/figcaption><\/figure>\n<h2><\/h2>\n<h2>Vos remarques ou vos questions.<\/h2>\n<p>Faites nous savoir comment vous contacter.<\/p>\n<div id='contact-form-33'>\n<form action='https:\/\/trucsf.fr\/index.php\/contact\/#contact-form-33' method='post' class='contact-form commentsblock'>\n<script>\n\t\t\t( function () {\n\t\t\t\tconst contact_forms = document.getElementsByClassName('contact-form');\n\n\t\t\t\tfor ( const form of contact_forms ) {\n\t\t\t\t\tform.onsubmit = function() {\n\t\t\t\t\t\tconst buttons = form.getElementsByTagName('button');\n\n\t\t\t\t\t\tfor( const button of buttons ) {\n\t\t\t\t\t\t\tbutton.setAttribute('disabled', true);\n\t\t\t\t\t\t}\n\t\t\t\t\t}\n\t\t\t\t}\n\t\t\t} )();\n\t\t<\/script>\n<div class='grunion-field-wrap grunion-field-name-wrap'  >\n<label\n\t\t\t\tfor='g33-nomprnom'\n\t\t\t\tclass='grunion-field-label name'\n\t\t\t\t>Nom Pr\u00e9nom<span>(obligatoire)<\/span><\/label>\n<input\n\t\t\t\t\ttype='text'\n\t\t\t\t\tname='g33-nomprnom'\n\t\t\t\t\tid='g33-nomprnom'\n\t\t\t\t\tvalue=''\n\t\t\t\t\tclass='name' \n\t\t\t\t\trequired aria-required='true'\n\t\t\t\t\/>\n\t<\/div>\n\n<div class='grunion-field-wrap grunion-field-email-wrap'  >\n<label\n\t\t\t\tfor='g33-email'\n\t\t\t\tclass='grunion-field-label email'\n\t\t\t\t>E-mail<span>(obligatoire)<\/span><\/label>\n<input\n\t\t\t\t\ttype='email'\n\t\t\t\t\tname='g33-email'\n\t\t\t\t\tid='g33-email'\n\t\t\t\t\tvalue=''\n\t\t\t\t\tclass='email' \n\t\t\t\t\trequired aria-required='true'\n\t\t\t\t\/>\n\t<\/div>\n\n<div class='grunion-field-wrap grunion-field-textarea-wrap'  >\n<label\n\t\t\t\tfor='contact-form-comment-g33-messagecommentairequestion'\n\t\t\t\tclass='grunion-field-label textarea'\n\t\t\t\t>Message \/ commentaire \/ question<\/label>\n<textarea\n\t\t                name='g33-messagecommentairequestion'\n\t\t                id='contact-form-comment-g33-messagecommentairequestion'\n\t\t                rows='20' class='textarea'  ><\/textarea>\n\t<\/div>\n\n<div class='grunion-field-wrap grunion-field-checkbox-wrap'  >\n<label class='grunion-field-label checkbox'>\t\t<input type='checkbox' name='g33-accordrgpdjeconsenscequetrucsfstockemesinformationsenvoyeafinquilpuisserpondremarequte' value='Oui' class='checkbox'  required aria-required='true'\/> \n\t\tAccord RGPD (Je consens \u00e0 ce que TrucSF stocke mes informations envoy\u00e9e afin qu&#039;il puisse r\u00e9pondre \u00e0 ma requ\u00eate.)<span>(obligatoire)<\/span><\/label>\n<div class='clear-form'><\/div>\n\t<\/div>\n\t<p class='contact-submit'>\n\t\t<button type='submit' class='pushbutton-wide'>Envoyer<\/button>\t\t<input type='hidden' name='contact-form-id' value='33' \/>\n\t\t<input type='hidden' name='action' value='grunion-contact-form' \/>\n\t\t<input type='hidden' name='contact-form-hash' value='218bfad7a8537a5782af62fd9480cee07a119f89' \/>\n\t<\/p>\n<p style=\"display: none !important;\"><label>&#916;<textarea name=\"ak_hp_textarea\" cols=\"45\" rows=\"8\" maxlength=\"100\"><\/textarea><\/label><input type=\"hidden\" id=\"ak_js_1\" name=\"ak_js\" value=\"203\"\/><script>document.getElementById( \"ak_js_1\" ).setAttribute( \"value\", ( new Date() ).getTime() );<\/script><\/p><\/form>\n<\/div>\n","protected":false},"excerpt":{"rendered":"<p>Vos remarques ou vos questions. Faites nous savoir comment vous contacter.<\/p>\n","protected":false},"author":1,"featured_media":37,"parent":0,"menu_order":0,"comment_status":"closed","ping_status":"closed","template":"","meta":{"jetpack_post_was_ever_published":false},"yoast_head":"<!-- This site is optimized with the Yoast SEO plugin v19.9 - https:\/\/yoast.com\/wordpress\/plugins\/seo\/ -->\n<title>Contact - Truc SF<\/title>\n<meta name=\"robots\" content=\"index, follow, max-snippet:-1, max-image-preview:large, max-video-preview:-1\" \/>\n<link rel=\"canonical\" href=\"https:\/\/trucsf.fr\/index.php\/contact\/\" \/>\n<meta property=\"og:locale\" content=\"fr_FR\" \/>\n<meta property=\"og:type\" content=\"article\" \/>\n<meta property=\"og:title\" content=\"Contact - Truc SF\" \/>\n<meta property=\"og:description\" content=\"Vos remarques ou vos questions. Faites nous savoir comment vous contacter.\" \/>\n<meta property=\"og:url\" content=\"https:\/\/trucsf.fr\/index.php\/contact\/\" \/>\n<meta property=\"og:site_name\" content=\"Truc SF\" \/>\n<meta property=\"article:modified_time\" content=\"2019-08-27T15:37:15+00:00\" \/>\n<meta property=\"og:image\" content=\"https:\/\/trucsf.fr\/wp-content\/uploads\/2019\/08\/beautiful-blonde-with-silver-latex-jumpsuit-with-digital-tablet.jpg\" \/>\n\t<meta property=\"og:image:width\" content=\"1920\" \/>\n\t<meta property=\"og:image:height\" content=\"1280\" \/>\n\t<meta property=\"og:image:type\" content=\"image\/jpeg\" \/>\n<meta name=\"twitter:card\" content=\"summary_large_image\" \/>\n<script type=\"application\/ld+json\" class=\"yoast-schema-graph\">{\"@context\":\"https:\/\/schema.org\",\"@graph\":[{\"@type\":\"WebPage\",\"@id\":\"https:\/\/trucsf.fr\/index.php\/contact\/\",\"url\":\"https:\/\/trucsf.fr\/index.php\/contact\/\",\"name\":\"Contact - Truc SF\",\"isPartOf\":{\"@id\":\"https:\/\/trucsf.fr\/#website\"},\"datePublished\":\"2019-08-23T13:59:55+00:00\",\"dateModified\":\"2019-08-27T15:37:15+00:00\",\"breadcrumb\":{\"@id\":\"https:\/\/trucsf.fr\/index.php\/contact\/#breadcrumb\"},\"inLanguage\":\"fr-FR\",\"potentialAction\":[{\"@type\":\"ReadAction\",\"target\":[\"https:\/\/trucsf.fr\/index.php\/contact\/\"]}]},{\"@type\":\"BreadcrumbList\",\"@id\":\"https:\/\/trucsf.fr\/index.php\/contact\/#breadcrumb\",\"itemListElement\":[{\"@type\":\"ListItem\",\"position\":1,\"name\":\"Accueil\",\"item\":\"https:\/\/trucsf.fr\/\"},{\"@type\":\"ListItem\",\"position\":2,\"name\":\"Contact\"}]},{\"@type\":\"WebSite\",\"@id\":\"https:\/\/trucsf.fr\/#website\",\"url\":\"https:\/\/trucsf.fr\/\",\"name\":\"Truc SF\",\"description\":\"La science-fiction dans tous ses \u00e9tats\",\"potentialAction\":[{\"@type\":\"SearchAction\",\"target\":{\"@type\":\"EntryPoint\",\"urlTemplate\":\"https:\/\/trucsf.fr\/?s={search_term_string}\"},\"query-input\":\"required name=search_term_string\"}],\"inLanguage\":\"fr-FR\"}]}<\/script>\n<!-- \/ Yoast SEO plugin. -->","yoast_head_json":{"title":"Contact - Truc SF","robots":{"index":"index","follow":"follow","max-snippet":"max-snippet:-1","max-image-preview":"max-image-preview:large","max-video-preview":"max-video-preview:-1"},"canonical":"https:\/\/trucsf.fr\/index.php\/contact\/","og_locale":"fr_FR","og_type":"article","og_title":"Contact - Truc SF","og_description":"Vos remarques ou vos questions. Faites nous savoir comment vous contacter.","og_url":"https:\/\/trucsf.fr\/index.php\/contact\/","og_site_name":"Truc SF","article_modified_time":"2019-08-27T15:37:15+00:00","og_image":[{"width":1920,"height":1280,"url":"https:\/\/trucsf.fr\/wp-content\/uploads\/2019\/08\/beautiful-blonde-with-silver-latex-jumpsuit-with-digital-tablet.jpg","type":"image\/jpeg"}],"twitter_card":"summary_large_image","schema":{"@context":"https:\/\/schema.org","@graph":[{"@type":"WebPage","@id":"https:\/\/trucsf.fr\/index.php\/contact\/","url":"https:\/\/trucsf.fr\/index.php\/contact\/","name":"Contact - Truc SF","isPartOf":{"@id":"https:\/\/trucsf.fr\/#website"},"datePublished":"2019-08-23T13:59:55+00:00","dateModified":"2019-08-27T15:37:15+00:00","breadcrumb":{"@id":"https:\/\/trucsf.fr\/index.php\/contact\/#breadcrumb"},"inLanguage":"fr-FR","potentialAction":[{"@type":"ReadAction","target":["https:\/\/trucsf.fr\/index.php\/contact\/"]}]},{"@type":"BreadcrumbList","@id":"https:\/\/trucsf.fr\/index.php\/contact\/#breadcrumb","itemListElement":[{"@type":"ListItem","position":1,"name":"Accueil","item":"https:\/\/trucsf.fr\/"},{"@type":"ListItem","position":2,"name":"Contact"}]},{"@type":"WebSite","@id":"https:\/\/trucsf.fr\/#website","url":"https:\/\/trucsf.fr\/","name":"Truc SF","description":"La science-fiction dans tous ses \u00e9tats","potentialAction":[{"@type":"SearchAction","target":{"@type":"EntryPoint","urlTemplate":"https:\/\/trucsf.fr\/?s={search_term_string}"},"query-input":"required name=search_term_string"}],"inLanguage":"fr-FR"}]}},"jetpack_sharing_enabled":true,"jetpack_likes_enabled":true,"jetpack-related-posts":[{"id":2,"url":"https:\/\/trucsf.fr\/index.php\/a-propos-de-trucsf\/","url_meta":{"origin":33,"position":0},"title":"\u00c0 propos de TrucSF","date":"22 ao\u00fbt 2019","format":false,"excerpt":"TrucSF, c'est quoi ? TrucSf est un site tourn\u00e9 vers la science-fiction et\u00a0recense mes coups de c\u0153ur, mes r\u00e9flexions sur le genre, des conseils sur l'\u00e9criture.\u00a0Il ne s'arr\u00eate pas au genre litt\u00e9raire mais s'int\u00e9resse \u00e0 tout autres m\u00e9dias (cin\u00e9ma, illustration, BD, art, design, etc.) o\u00f9 la SF peut s'exprimer. Je\u2026","rel":"","context":"Article similaire","img":{"alt_text":"","src":"https:\/\/i0.wp.com\/trucsf.fr\/wp-content\/uploads\/2019\/10\/banniere-truc-sf.jpg?resize=350%2C200&ssl=1","width":350,"height":200},"classes":[]},{"id":3,"url":"https:\/\/trucsf.fr\/index.php\/politique-de-confidentialite\/","url_meta":{"origin":33,"position":1},"title":"Politique de confidentialit\u00e9","date":"22 ao\u00fbt 2019","format":false,"excerpt":"Qui sommes-nous\u00a0? L\u2019adresse de notre site Web est\u00a0: http:\/\/www.trucsf.fr. Utilisation des donn\u00e9es personnelles collect\u00e9es Commentaires Quand vous laissez un commentaire sur notre site web, les donn\u00e9es inscrites dans le formulaire de commentaire, mais aussi votre adresse IP et l\u2019agent utilisateur de votre navigateur sont collect\u00e9s pour nous aider \u00e0 la\u2026","rel":"","context":"Article similaire","img":{"alt_text":"","src":"","width":0,"height":0},"classes":[]}],"_links":{"self":[{"href":"https:\/\/trucsf.fr\/index.php\/wp-json\/wp\/v2\/pages\/33"}],"collection":[{"href":"https:\/\/trucsf.fr\/index.php\/wp-json\/wp\/v2\/pages"}],"about":[{"href":"https:\/\/trucsf.fr\/index.php\/wp-json\/wp\/v2\/types\/page"}],"author":[{"embeddable":true,"href":"https:\/\/trucsf.fr\/index.php\/wp-json\/wp\/v2\/users\/1"}],"replies":[{"embeddable":true,"href":"https:\/\/trucsf.fr\/index.php\/wp-json\/wp\/v2\/comments?post=33"}],"version-history":[{"count":7,"href":"https:\/\/trucsf.fr\/index.php\/wp-json\/wp\/v2\/pages\/33\/revisions"}],"predecessor-version":[{"id":66,"href":"https:\/\/trucsf.fr\/index.php\/wp-json\/wp\/v2\/pages\/33\/revisions\/66"}],"wp:featuredmedia":[{"embeddable":true,"href":"https:\/\/trucsf.fr\/index.php\/wp-json\/wp\/v2\/media\/37"}],"wp:attachment":[{"href":"https:\/\/trucsf.fr\/index.php\/wp-json\/wp\/v2\/media?parent=33"}],"curies":[{"name":"wp","href":"https:\/\/api.w.org\/{rel}","templated":true}]}}