{"id":2,"date":"2019-08-22T17:35:54","date_gmt":"2019-08-22T15:35:54","guid":{"rendered":"http:\/\/www.trucsf.fr\/?page_id=2"},"modified":"2021-06-26T17:14:46","modified_gmt":"2021-06-26T15:14:46","slug":"a-propos-de-trucsf","status":"publish","type":"page","link":"https:\/\/trucsf.fr\/index.php\/a-propos-de-trucsf\/","title":{"rendered":"\u00c0 propos de TrucSF"},"content":{"rendered":"\r\n<figure id=\"attachment_84\" aria-describedby=\"caption-attachment-84\" style=\"width: 2560px\" class=\"wp-caption alignnone\"><img data-attachment-id=\"84\" data-permalink=\"https:\/\/trucsf.fr\/index.php\/a-propos-de-trucsf\/banniere-truc-sf\/\" data-orig-file=\"https:\/\/i0.wp.com\/trucsf.fr\/wp-content\/uploads\/2019\/10\/banniere-truc-sf.jpg?fit=2560%2C1440&amp;ssl=1\" data-orig-size=\"2560,1440\" data-comments-opened=\"1\" data-image-meta=\"{&quot;aperture&quot;:&quot;0&quot;,&quot;credit&quot;:&quot;&quot;,&quot;camera&quot;:&quot;&quot;,&quot;caption&quot;:&quot;&quot;,&quot;created_timestamp&quot;:&quot;0&quot;,&quot;copyright&quot;:&quot;&quot;,&quot;focal_length&quot;:&quot;0&quot;,&quot;iso&quot;:&quot;0&quot;,&quot;shutter_speed&quot;:&quot;0&quot;,&quot;title&quot;:&quot;banniere-truc-sf&quot;,&quot;orientation&quot;:&quot;1&quot;}\" data-image-title=\"banniere-truc-sf\" data-image-description=\"\" data-image-caption=\"\" data-medium-file=\"https:\/\/i0.wp.com\/trucsf.fr\/wp-content\/uploads\/2019\/10\/banniere-truc-sf.jpg?fit=300%2C169&amp;ssl=1\" data-large-file=\"https:\/\/i0.wp.com\/trucsf.fr\/wp-content\/uploads\/2019\/10\/banniere-truc-sf.jpg?fit=1024%2C576&amp;ssl=1\" loading=\"lazy\" class=\"wp-image-84 size-full\" src=\"https:\/\/i0.wp.com\/trucsf.fr\/wp-content\/uploads\/2019\/10\/banniere-truc-sf.jpg?resize=1600%2C900&#038;ssl=1\" alt=\"Banni\u00e8re Truc SF\" width=\"1600\" height=\"900\" srcset=\"https:\/\/i0.wp.com\/trucsf.fr\/wp-content\/uploads\/2019\/10\/banniere-truc-sf.jpg?w=2560&amp;ssl=1 2560w, https:\/\/i0.wp.com\/trucsf.fr\/wp-content\/uploads\/2019\/10\/banniere-truc-sf.jpg?resize=300%2C169&amp;ssl=1 300w, https:\/\/i0.wp.com\/trucsf.fr\/wp-content\/uploads\/2019\/10\/banniere-truc-sf.jpg?resize=768%2C432&amp;ssl=1 768w, https:\/\/i0.wp.com\/trucsf.fr\/wp-content\/uploads\/2019\/10\/banniere-truc-sf.jpg?resize=1024%2C576&amp;ssl=1 1024w, https:\/\/i0.wp.com\/trucsf.fr\/wp-content\/uploads\/2019\/10\/banniere-truc-sf.jpg?resize=465%2C262&amp;ssl=1 465w, https:\/\/i0.wp.com\/trucsf.fr\/wp-content\/uploads\/2019\/10\/banniere-truc-sf.jpg?resize=695%2C391&amp;ssl=1 695w\" sizes=\"(max-width: 1600px) 100vw, 1600px\" data-recalc-dims=\"1\" \/><figcaption id=\"caption-attachment-84\" class=\"wp-caption-text\">Banni\u00e8re Truc SF pour youtube<\/figcaption><\/figure>\r\n<h2>TrucSF, c&rsquo;est quoi&nbsp;?<\/h2>\r\n<p>TrucSf est un site tourn\u00e9 vers la science-fiction et\u00a0recense mes coups de c\u0153ur, mes r\u00e9flexions sur le genre, des conseils sur l&rsquo;\u00e9criture.\u00a0Il ne s&rsquo;arr\u00eate pas au genre litt\u00e9raire mais s&rsquo;int\u00e9resse \u00e0 tout autres m\u00e9dias (cin\u00e9ma, illustration, BD, art, design, etc.) o\u00f9 la SF peut s&rsquo;exprimer.<\/p>\r\n<p>Je me suis longtemps investi au sein de l&rsquo;association <a href=\"http:\/\/www.presences-d-esprits.com\/\">Pr\u00e9sences d&rsquo;Esprits<\/a>. J&rsquo;ai pris part \u00e0 la gestion de l&rsquo;association (et ses participations \u00e0 des festival). Mais aussi \u00e0 la conception et la fabrication des fanzines. Je participe aussi au jury de Visions du futur (prix de nouvelles \u00ab&nbsp;amateur&nbsp;\u00bb), je reste curieux de la science-fiction ancienne ou r\u00e9cente. Et plus largement, de ce que j&rsquo;appelle l&rsquo;imaginaire fantastique (o\u00f9 je regroupe SF, fantasy et fantastique).<\/p>\r\n<h2>Et moi alors&nbsp;?<\/h2>\r\n<p>Je regarde beaucoup d\u2019\u00e9missions t\u00e9l\u00e9vis\u00e9es, des s\u00e9ries. Je lis \u2013 moins maintenant \u2013, mais suffisamment pour rester connect\u00e9 \u00e0 l&rsquo;actualit\u00e9. Mais il est vrai que ces derni\u00e8res ann\u00e9es, j&rsquo;ai un peu d\u00e9laiss\u00e9 les romans pour m&rsquo;int\u00e9resser davantage \u00e0 des essais sur le genre.\u00a0 Pour les curieux, je recommande <a href=\"https:\/\/journals.openedition.org\/resf\/\">ReS Futurae<\/a>, la <i>r<\/i>evue francophone internationale en ligne d&rsquo;\u00e9tude (je cite) \u00ab&nbsp;de la science-fiction sous toutes ses formes&nbsp;: litt\u00e9rature, cin\u00e9ma, arts graphiques, jeux vid\u00e9o, musique, design et ph\u00e9nom\u00e8nes culturels divers&nbsp;\u00bb.\u00a0<\/p>\r\n<p>J&rsquo;envisage pour TrucSF, divers activit\u00e9s&nbsp;: des conseils d&rsquo;\u00e9criture, des articles ou des vid\u00e9os pour faire d\u00e9couvrir une \u0153uvre ou un auteur, des r\u00e9flexion sur le genre, les sous-genres, les th\u00e9matiques et \u00e9ventuellement des comptes-rendus de mes visites \u00e0 des festivals ou des expositions.<\/p>\r\n<p><strong>Alors que ce soit juste pour le plaisir des yeux ou pour se donner des id\u00e9es, n\u2019h\u00e9sitez pas \u00e0 vous arr\u00eater sur TrucSF, un site o\u00f9 le voyage ne conna\u00eet pas la limite du temps ou de la distance\u2009!<\/strong><\/p>\r\n<p><em><span style=\"font-size: 10pt;\"><span style=\"font-size: 10pt;\">Je profite de cette page d&rsquo;introduction pour donner les r\u00e9f\u00e9rences des images utilis\u00e9es sur pour la banni\u00e8re Truc Sf. Cette image a \u00e9t\u00e9 con\u00e7u sous Adobe Photoshop CC. Elle a n\u00e9cessit\u00e9 les <\/span><span style=\"font-size: 13.3333px;\">ressources<\/span><span style=\"font-size: 10pt;\">\u00a0suivantes&nbsp;:<\/span><\/span><\/em><\/p>\r\n<ul>\r\n<li><span style=\"font-size: 10pt;\">l&rsquo;image de fond&nbsp;: architecture-3346820 \u00a9 Michael Gaida trouv\u00e9e sur Pixabay<\/span><\/li>\r\n<li><span style=\"font-size: 10pt;\">pour l&rsquo;andro\u00efde&nbsp;: la femme enceinte \u00a9 nikilitov trouv\u00e9e sur Adobe Stock, un tuyau <\/span><span style=\"font-size: 10pt;\"><span style=\"font-size: 10pt;\">Metal favourites \u00a9 Daleios trouv\u00e9e sur<\/span><\/span> <span style=\"font-size: 10pt;\">DeviantArt <\/span><span style=\"font-size: 10pt;\">et pour les petits inserts movement-4068582 \u00a9 Thomas Wolter trouv\u00e9e sur Pixabay<\/span><\/li>\r\n<li><span style=\"font-size: 10pt;\">le robot&nbsp;: robot-1658018\u00a0\u00a9 Thor Deichmann trouv\u00e9e sur Pixabay<\/span><\/li>\r\n<li><span style=\"font-size: 10pt;\">le drone&nbsp;: quadrocopter-1658967\u00a0\u00a9 Alexander Lesnitsky trouv\u00e9e sur Pixabay et pour l&rsquo;effet rouille&nbsp;: rust-3397227\u00a0\u00a9 Gerhard Gellinger trouv\u00e9e sur Pixabay<\/span><\/li>\r\n<li><span style=\"font-size: 10pt;\">le bidon toxique&nbsp;: toxic-waste-2089779 \u00a9 Elias Sch. trouv\u00e9e sur Pixabay<\/span><\/li>\r\n<li><span style=\"font-size: 10pt;\">la croix&nbsp;: cross-982103 \u00a9 Ben Kerckx trouv\u00e9e sur Pixabay<\/span><\/li>\r\n<li><span style=\"font-size: 10pt;\">le crane&nbsp;: skull-3000531 \u00a9 Momentmal trouv\u00e9e sur Pixabay<\/span><\/li>\r\n<li><span style=\"font-size: 10pt;\"><span style=\"font-size: 10pt;\">les tuyaux&nbsp;: Metal favourites \u00a9 Daleios trouv\u00e9e sur<\/span><\/span> <span style=\"font-size: 10pt;\">DeviantArt<\/span><\/li>\r\n<li><span style=\"font-size: 10pt;\"><span style=\"font-size: 10pt;\">le soleil artificiel&nbsp;: <\/span><\/span><span style=\"font-size: 10pt;\">20141220_171.131blend Imagery of a Solar Flare \u00a9 NASA\/SDO trouv\u00e9e sur nasa.gov, les \u00e9clairs flash-2568381 et flash-2568383 \u00a9 Felix Mittermeier trouv\u00e9es sur Pixabay et flashes-500447 \u00a9 mikegi trouv\u00e9e sur Pixabay<\/span><\/li>\r\n<li><span style=\"font-size: 10pt;\">pour la texture du lettrage&nbsp;: sun-1494070 \u00a9 ipicgr trouv\u00e9e sur Pixabay<\/span><\/li>\r\n<\/ul>\r\n","protected":false},"excerpt":{"rendered":"<p>TrucSF, c&rsquo;est quoi&nbsp;? TrucSf est un site tourn\u00e9 vers la science-fiction et\u00a0recense mes coups de c\u0153ur, mes r\u00e9flexions sur le genre, des conseils sur l&rsquo;\u00e9criture.\u00a0Il ne s&rsquo;arr\u00eate pas au genre litt\u00e9raire mais s&rsquo;int\u00e9resse \u00e0 tout autres m\u00e9dias (cin\u00e9ma, illustration, BD, art, design, etc.) o\u00f9 la SF peut s&rsquo;exprimer. Je me suis longtemps investi au sein [&hellip;]<\/p>\n","protected":false},"author":1,"featured_media":0,"parent":0,"menu_order":0,"comment_status":"closed","ping_status":"open","template":"","meta":{"jetpack_post_was_ever_published":false},"yoast_head":"<!-- This site is optimized with the Yoast SEO plugin v19.9 - https:\/\/yoast.com\/wordpress\/plugins\/seo\/ -->\n<title>\u00c0 propos de TrucSF - Truc SF<\/title>\n<meta name=\"description\" content=\"TrucSf est un site tourn\u00e9 vers la science-fiction qui recense mes coups de c\u0153ur, mes r\u00e9flexions sur le genre, des conseils sur l&#039;\u00e9criture\" \/>\n<meta name=\"robots\" content=\"index, follow, max-snippet:-1, max-image-preview:large, max-video-preview:-1\" \/>\n<link rel=\"canonical\" href=\"https:\/\/trucsf.fr\/index.php\/a-propos-de-trucsf\/\" \/>\n<meta property=\"og:locale\" content=\"fr_FR\" \/>\n<meta property=\"og:type\" content=\"article\" \/>\n<meta property=\"og:title\" content=\"\u00c0 propos de TrucSF - Truc SF\" \/>\n<meta property=\"og:description\" content=\"TrucSf est un site tourn\u00e9 vers la science-fiction qui recense mes coups de c\u0153ur, mes r\u00e9flexions sur le genre, des conseils sur l&#039;\u00e9criture\" \/>\n<meta property=\"og:url\" content=\"https:\/\/trucsf.fr\/index.php\/a-propos-de-trucsf\/\" \/>\n<meta property=\"og:site_name\" content=\"Truc SF\" \/>\n<meta property=\"article:modified_time\" content=\"2021-06-26T15:14:46+00:00\" \/>\n<meta property=\"og:image\" content=\"https:\/\/trucsf.fr\/wp-content\/uploads\/2019\/10\/banniere-truc-sf.jpg\" \/>\n<meta name=\"twitter:card\" content=\"summary_large_image\" \/>\n<meta name=\"twitter:label1\" content=\"Dur\u00e9e de lecture estim\u00e9e\" \/>\n\t<meta name=\"twitter:data1\" content=\"3 minutes\" \/>\n<script type=\"application\/ld+json\" class=\"yoast-schema-graph\">{\"@context\":\"https:\/\/schema.org\",\"@graph\":[{\"@type\":\"WebPage\",\"@id\":\"https:\/\/trucsf.fr\/index.php\/a-propos-de-trucsf\/\",\"url\":\"https:\/\/trucsf.fr\/index.php\/a-propos-de-trucsf\/\",\"name\":\"\u00c0 propos de TrucSF - Truc SF\",\"isPartOf\":{\"@id\":\"https:\/\/trucsf.fr\/#website\"},\"datePublished\":\"2019-08-22T15:35:54+00:00\",\"dateModified\":\"2021-06-26T15:14:46+00:00\",\"description\":\"TrucSf est un site tourn\u00e9 vers la science-fiction qui recense mes coups de c\u0153ur, mes r\u00e9flexions sur le genre, des conseils sur l'\u00e9criture\",\"breadcrumb\":{\"@id\":\"https:\/\/trucsf.fr\/index.php\/a-propos-de-trucsf\/#breadcrumb\"},\"inLanguage\":\"fr-FR\",\"potentialAction\":[{\"@type\":\"ReadAction\",\"target\":[\"https:\/\/trucsf.fr\/index.php\/a-propos-de-trucsf\/\"]}]},{\"@type\":\"BreadcrumbList\",\"@id\":\"https:\/\/trucsf.fr\/index.php\/a-propos-de-trucsf\/#breadcrumb\",\"itemListElement\":[{\"@type\":\"ListItem\",\"position\":1,\"name\":\"Accueil\",\"item\":\"https:\/\/trucsf.fr\/\"},{\"@type\":\"ListItem\",\"position\":2,\"name\":\"\u00c0 propos de TrucSF\"}]},{\"@type\":\"WebSite\",\"@id\":\"https:\/\/trucsf.fr\/#website\",\"url\":\"https:\/\/trucsf.fr\/\",\"name\":\"Truc SF\",\"description\":\"La science-fiction dans tous ses \u00e9tats\",\"potentialAction\":[{\"@type\":\"SearchAction\",\"target\":{\"@type\":\"EntryPoint\",\"urlTemplate\":\"https:\/\/trucsf.fr\/?s={search_term_string}\"},\"query-input\":\"required name=search_term_string\"}],\"inLanguage\":\"fr-FR\"}]}<\/script>\n<!-- \/ Yoast SEO plugin. -->","yoast_head_json":{"title":"\u00c0 propos de TrucSF - Truc SF","description":"TrucSf est un site tourn\u00e9 vers la science-fiction qui recense mes coups de c\u0153ur, mes r\u00e9flexions sur le genre, des conseils sur l'\u00e9criture","robots":{"index":"index","follow":"follow","max-snippet":"max-snippet:-1","max-image-preview":"max-image-preview:large","max-video-preview":"max-video-preview:-1"},"canonical":"https:\/\/trucsf.fr\/index.php\/a-propos-de-trucsf\/","og_locale":"fr_FR","og_type":"article","og_title":"\u00c0 propos de TrucSF - Truc SF","og_description":"TrucSf est un site tourn\u00e9 vers la science-fiction qui recense mes coups de c\u0153ur, mes r\u00e9flexions sur le genre, des conseils sur l'\u00e9criture","og_url":"https:\/\/trucsf.fr\/index.php\/a-propos-de-trucsf\/","og_site_name":"Truc SF","article_modified_time":"2021-06-26T15:14:46+00:00","og_image":[{"url":"https:\/\/trucsf.fr\/wp-content\/uploads\/2019\/10\/banniere-truc-sf.jpg"}],"twitter_card":"summary_large_image","twitter_misc":{"Dur\u00e9e de lecture estim\u00e9e":"3 minutes"},"schema":{"@context":"https:\/\/schema.org","@graph":[{"@type":"WebPage","@id":"https:\/\/trucsf.fr\/index.php\/a-propos-de-trucsf\/","url":"https:\/\/trucsf.fr\/index.php\/a-propos-de-trucsf\/","name":"\u00c0 propos de TrucSF - Truc SF","isPartOf":{"@id":"https:\/\/trucsf.fr\/#website"},"datePublished":"2019-08-22T15:35:54+00:00","dateModified":"2021-06-26T15:14:46+00:00","description":"TrucSf est un site tourn\u00e9 vers la science-fiction qui recense mes coups de c\u0153ur, mes r\u00e9flexions sur le genre, des conseils sur l'\u00e9criture","breadcrumb":{"@id":"https:\/\/trucsf.fr\/index.php\/a-propos-de-trucsf\/#breadcrumb"},"inLanguage":"fr-FR","potentialAction":[{"@type":"ReadAction","target":["https:\/\/trucsf.fr\/index.php\/a-propos-de-trucsf\/"]}]},{"@type":"BreadcrumbList","@id":"https:\/\/trucsf.fr\/index.php\/a-propos-de-trucsf\/#breadcrumb","itemListElement":[{"@type":"ListItem","position":1,"name":"Accueil","item":"https:\/\/trucsf.fr\/"},{"@type":"ListItem","position":2,"name":"\u00c0 propos de TrucSF"}]},{"@type":"WebSite","@id":"https:\/\/trucsf.fr\/#website","url":"https:\/\/trucsf.fr\/","name":"Truc SF","description":"La science-fiction dans tous ses \u00e9tats","potentialAction":[{"@type":"SearchAction","target":{"@type":"EntryPoint","urlTemplate":"https:\/\/trucsf.fr\/?s={search_term_string}"},"query-input":"required name=search_term_string"}],"inLanguage":"fr-FR"}]}},"jetpack_sharing_enabled":true,"jetpack_likes_enabled":true,"jetpack-related-posts":[{"id":33,"url":"https:\/\/trucsf.fr\/index.php\/contact\/","url_meta":{"origin":2,"position":0},"title":"Contact","date":"23 ao\u00fbt 2019","format":false,"excerpt":"Vos remarques ou vos questions. Faites nous savoir comment vous contacter.","rel":"","context":"Article similaire","img":{"alt_text":"tablette digital","src":"https:\/\/i0.wp.com\/trucsf.fr\/wp-content\/uploads\/2019\/08\/beautiful-blonde-with-silver-latex-jumpsuit-with-digital-tablet.jpg?fit=1200%2C800&ssl=1&resize=350%2C200","width":350,"height":200},"classes":[]},{"id":3,"url":"https:\/\/trucsf.fr\/index.php\/politique-de-confidentialite\/","url_meta":{"origin":2,"position":1},"title":"Politique de confidentialit\u00e9","date":"22 ao\u00fbt 2019","format":false,"excerpt":"Qui sommes-nous\u00a0? L\u2019adresse de notre site Web est\u00a0: http:\/\/www.trucsf.fr. Utilisation des donn\u00e9es personnelles collect\u00e9es Commentaires Quand vous laissez un commentaire sur notre site web, les donn\u00e9es inscrites dans le formulaire de commentaire, mais aussi votre adresse IP et l\u2019agent utilisateur de votre navigateur sont collect\u00e9s pour nous aider \u00e0 la\u2026","rel":"","context":"Article similaire","img":{"alt_text":"","src":"","width":0,"height":0},"classes":[]}],"_links":{"self":[{"href":"https:\/\/trucsf.fr\/index.php\/wp-json\/wp\/v2\/pages\/2"}],"collection":[{"href":"https:\/\/trucsf.fr\/index.php\/wp-json\/wp\/v2\/pages"}],"about":[{"href":"https:\/\/trucsf.fr\/index.php\/wp-json\/wp\/v2\/types\/page"}],"author":[{"embeddable":true,"href":"https:\/\/trucsf.fr\/index.php\/wp-json\/wp\/v2\/users\/1"}],"replies":[{"embeddable":true,"href":"https:\/\/trucsf.fr\/index.php\/wp-json\/wp\/v2\/comments?post=2"}],"version-history":[{"count":5,"href":"https:\/\/trucsf.fr\/index.php\/wp-json\/wp\/v2\/pages\/2\/revisions"}],"predecessor-version":[{"id":88,"href":"https:\/\/trucsf.fr\/index.php\/wp-json\/wp\/v2\/pages\/2\/revisions\/88"}],"wp:attachment":[{"href":"https:\/\/trucsf.fr\/index.php\/wp-json\/wp\/v2\/media?parent=2"}],"curies":[{"name":"wp","href":"https:\/\/api.w.org\/{rel}","templated":true}]}}